{"id":756,"date":"2026-03-09T14:11:55","date_gmt":"2026-03-09T13:11:55","guid":{"rendered":"https:\/\/web.dynamictools.io\/?page_id=756"},"modified":"2026-04-03T18:48:35","modified_gmt":"2026-04-03T16:48:35","slug":"imprint","status":"publish","type":"page","link":"https:\/\/web.dynamictools.io\/en\/impressum\/","title":{"rendered":"Imprint"},"content":{"rendered":"<div class=\"wp-block-group alignwide has-global-padding is-content-justification-left is-layout-constrained wp-container-core-group-is-layout-23b3aab3 wp-block-group-is-layout-constrained\">\n<div class=\"wp-block-group is-content-justification-left is-nowrap is-layout-flex wp-container-core-group-is-layout-fc9f69e7 wp-block-group-is-layout-flex\">\n<p class=\"icon-file-text has-text-primary-color has-surface-background-color has-text-color has-background has-link-color has-large-font-size wp-elements-f466428157f1a3ed8daa969d193642b2\" style=\"border-top-left-radius:9999px;border-top-right-radius:9999px;border-bottom-left-radius:9999px;border-bottom-right-radius:9999px;padding-top:var(--wp--preset--spacing--40);padding-right:var(--wp--preset--spacing--40);padding-bottom:var(--wp--preset--spacing--40);padding-left:var(--wp--preset--spacing--40);line-height:0\"><svg xmlns=\"http:\/\/www.w3.org\/2000\/svg\" width=\"24\" height=\"24\" viewbox=\"0 0 24 24\" fill=\"none\" stroke=\"currentColor\" stroke-width=\"2\" stroke-linecap=\"round\" stroke-linejoin=\"round\" data-lucide=\"file-text\" class=\"lucide lucide-file-text dt-icon\"><path d=\"M15 2H6a2 2 0 0 0-2 2v16a2 2 0 0 0 2 2h12a2 2 0 0 0 2-2V7Z\"><\/path><path d=\"M14 2v4a2 2 0 0 0 2 2h4\"><\/path><path d=\"M10 9H8\"><\/path><path d=\"M16 13H8\"><\/path><path d=\"M16 17H8\"><\/path><\/svg><\/p>\n<\/div>\n\n\n<h1 class=\"has-text-align-left wp-block-post-title has-h-1-font-size\">Imprint<\/h1>\n\n\n<p>The imprint contains the essential legal information about dynamicTools.<\/p>\n\n\n\n<div class=\"wp-block-group alignwide is-style-bento-card has-surface-background-color has-background is-vertical is-content-justification-left is-nowrap is-layout-flex wp-container-core-group-is-layout-728e1b73 wp-block-group-is-layout-flex is-style-bento-card--1\" style=\"border-radius:var(--wp--custom--border-radius--card-lg);margin-bottom:var(--wp--preset--spacing--60);padding-top:var(--wp--preset--spacing--50);padding-right:var(--wp--preset--spacing--50);padding-bottom:var(--wp--preset--spacing--50);padding-left:var(--wp--preset--spacing--50);box-shadow:var(--wp--preset--shadow--none)\">\n<p class=\"has-text-align-center has-text-body-color has-text-color has-xs-font-size\" style=\"font-weight:600;text-transform:uppercase\">Further\n            Further information<\/p>\n\n\n\n<div class=\"wp-block-buttons is-content-justification-left is-layout-flex wp-container-core-buttons-is-layout-fc4fd283 wp-block-buttons-is-layout-flex\">\n<div class=\"wp-block-button is-style-primary-medium is-style-primary-medium--2\"><a class=\"wp-block-button__link wp-element-button\" href=\"https:\/\/web.dynamictools.io\/en\/imprint\/\">Imprint<\/a><\/div>\n\n\n\n<div class=\"wp-block-button is-style-secondary-medium is-style-secondary-medium--3\"><a class=\"wp-block-button__link wp-element-button\" href=\"https:\/\/web.dynamictools.io\/en\/data-protection\/\">Data protection<\/a><\/div>\n\n\n\n<div class=\"wp-block-button is-style-secondary-medium is-style-secondary-medium--4\"><a class=\"wp-block-button__link wp-element-button\" href=\"https:\/\/web.dynamictools.io\/en\/terms-of-use\/\">Terms of use<\/a><\/div>\n\n\n\n<div class=\"wp-block-button is-style-secondary-medium is-style-secondary-medium--5\"><a class=\"wp-block-button__link wp-element-button\" href=\"https:\/\/web.dynamictools.io\/en\/cookie-guidelines\/\">Cookie policy<\/a><\/div>\n<\/div>\n<\/div>\n\n\n\n<h2 class=\"wp-block-heading has-h-2-font-size\">Information according to \u00a7 5 TMG<\/h2>\n\n\n\n<h3 class=\"wp-block-heading has-body-font-size\">dynamictools.io is a trademark of:<\/h3>\n\n\n\n<p><strong>dietz GmbH &amp; Co. KG<\/strong><br>the digital agency<br>Klingholzstrasse 7<br>65189 Wiesbaden<br>Germany<\/p>\n\n\n\n<p><strong><a href=\"tel:+4961194573990\" title=\"\">F +49 611 9457399-0<\/a><\/strong><\/p>\n\n\n\n<p><strong>Represented by:<\/strong><br>Managing Director: Dipl.-Kfm. Oliver Dietz<\/p>\n\n\n\n<p>Responsible party within the meaning of \u00a7 18 para. 2 MStV:<br>Dipl.-Kfm. Oliver Dietz<\/p>\n\n\n\n<p>Register court: Wiesbaden<br>Register number: HRA 11623<\/p>\n\n\n\n<p><strong>Complementary:<br><\/strong>dietz Holding GmbH<\/p>\n\n\n\n<p>Register court: Local court K\u00f6nigstein\/Ts.<br>Register number: HRB 7774<\/p>\n\n\n\n<p><strong>Sales tax identification number: <br><\/strong>EN 273643822<\/p>\n\n\n\n<p><strong>DUNS:<br><\/strong>341333009<\/p>\n\n\n\n<p><strong>Tax number KG:<\/strong><br><strong>46 312 00159<\/strong><\/p>\n\n\n\n<p>We are neither obliged nor willing to participate in dispute resolution proceedings before a consumer arbitration board.<\/p>\n\n\n\n<h3 class=\"wp-block-heading has-h-3-font-size\">Contact for inquiries<\/h3>\n\n\n\n<p><a href=\"mailto:info@dynamictools.io\" target=\"_blank\" rel=\"noopener\" title=\"\"><strong>info@dynamictools.io<\/strong><\/a><\/p>\n\n\n\n<p>Please note the explanations on the&nbsp;<a href=\"https:\/\/web.dynamictools.io\/en\/data-protection\/\" title=\"Data protection\">Data protection<\/a>.<\/p>\n\n\n\n<h3 class=\"wp-block-heading has-h-3-font-size\">Trademark protection and AI notice<\/h3>\n\n\n\n<p>Our products dynamicPIM\u00ae, dynamicDAM\u00ae are protected as word and image marks. The trademark owner is <a href=\"https:\/\/dietz.digital\" target=\"_blank\" rel=\"noopener\" title=\"\">dietz GmbH &amp; Co. KG<\/a>. If you are interested in our digital tools, please send an email to <a href=\"mailto:info@dynamictools.io\" title=\"\">info@dynamictools.io<\/a>. Parts of the page were generated by AI. However, we would like to inform you at this point that all content has been edited and changed or adapted in advance before it is made accessible. AI is used as a tool to work efficiently and cost-consciously. The processing, however, is always carried out by experts within the company.<\/p>\n\n\n\n<h3 class=\"wp-block-heading has-h-3-font-size\">Gender note<\/h3>\n\n\n\n<p>In order to make our content as reader-friendly as possible, we use the \u201egeneric masculine\u201c on this website. We would like to emphasize that we use this abbreviated form of language in a gender-neutral manner and for purely editorial reasons. It does not imply any judgment.<\/p>\n\n\n\n<h3 class=\"wp-block-heading has-h-3-font-size\">Vality Ventures<\/h3>\n\n\n\n<p>dietz GmbH &amp; Co. KG is an independent company of the <a href=\"https:\/\/vality-ventures.de\/\" target=\"_blank\" rel=\"noreferrer noopener\">Vality Ventures GmbH &amp; Co. KG<\/a><\/p>\n<\/div>","protected":false},"excerpt":{"rendered":"<p>Further information<\/p>","protected":false},"author":3,"featured_media":0,"parent":0,"menu_order":0,"comment_status":"closed","ping_status":"closed","template":"legal","meta":{"_acf_changed":false,"content-type":"","_monsterinsights_skip_tracking":false,"_monsterinsights_sitenote_active":false,"_monsterinsights_sitenote_note":"","_monsterinsights_sitenote_category":0,"_uf_show_specific_survey":0,"_uf_disable_surveys":false,"footnotes":""},"class_list":["post-756","page","type-page","status-publish","hentry"],"acf":[],"aioseo_notices":[],"aioseo_head":"\n\t\t<!-- All in One SEO Pro 4.9.5.2 - aioseo.com -->\n\t<meta name=\"description\" content=\"Das Impressum enth\u00e4lt die wesentlichen rechtlichen Angaben zum Unternehmen, das die dynamicTools entwickelt und vertreibt. Sprechen Sie uns gerne an.\" \/>\n\t<meta name=\"robots\" content=\"noindex, nofollow, max-image-preview:large\" \/>\n\t<link rel=\"canonical\" href=\"https:\/\/web.dynamictools.io\/en\/impressum\/\" \/>\n\t<meta name=\"generator\" content=\"All in One SEO Pro (AIOSEO) 4.9.5.2\" \/>\n\t\t<meta property=\"og:locale\" content=\"en_US\" \/>\n\t\t<meta property=\"og:site_name\" content=\"dynamictools.io \u00bb SaaS f\u00fcr PIM und DAM\" \/>\n\t\t<meta property=\"og:type\" content=\"article\" \/>\n\t\t<meta property=\"og:title\" content=\"Impressum \u00bb dynamictools.io\" \/>\n\t\t<meta property=\"og:description\" content=\"Das Impressum enth\u00e4lt die wesentlichen rechtlichen Angaben zum Unternehmen, das die dynamicTools entwickelt und vertreibt. Sprechen Sie uns gerne an.\" \/>\n\t\t<meta property=\"og:url\" content=\"https:\/\/web.dynamictools.io\/en\/impressum\/\" \/>\n\t\t<meta property=\"og:image\" content=\"https:\/\/web.dynamictools.io\/wp-content\/uploads\/2026\/02\/dynamic-tools-logo.svg\" \/>\n\t\t<meta property=\"og:image:secure_url\" content=\"https:\/\/web.dynamictools.io\/wp-content\/uploads\/2026\/02\/dynamic-tools-logo.svg\" \/>\n\t\t<meta property=\"og:image:width\" content=\"222\" \/>\n\t\t<meta property=\"og:image:height\" content=\"30\" \/>\n\t\t<meta property=\"article:published_time\" content=\"2026-03-09T13:11:55+00:00\" \/>\n\t\t<meta property=\"article:modified_time\" content=\"2026-04-03T16:48:35+00:00\" \/>\n\t\t<meta name=\"twitter:card\" content=\"summary_large_image\" \/>\n\t\t<meta name=\"twitter:title\" content=\"Impressum \u00bb dynamictools.io\" \/>\n\t\t<meta name=\"twitter:description\" content=\"Das Impressum enth\u00e4lt die wesentlichen rechtlichen Angaben zum Unternehmen, das die dynamicTools entwickelt und vertreibt. Sprechen Sie uns gerne an.\" \/>\n\t\t<meta name=\"twitter:image\" content=\"https:\/\/web.dynamictools.io\/wp-content\/uploads\/2026\/02\/dynamic-tools-logo.svg\" \/>\n\t\t<script type=\"application\/ld+json\" class=\"aioseo-schema\">\n\t\t\t{\"@context\":\"https:\\\/\\\/schema.org\",\"@graph\":[{\"@type\":\"BreadcrumbList\",\"@id\":\"https:\\\/\\\/web.dynamictools.io\\\/en\\\/impressum\\\/#breadcrumblist\",\"itemListElement\":[{\"@type\":\"ListItem\",\"@id\":\"https:\\\/\\\/web.dynamictools.io\\\/en#listItem\",\"position\":1,\"name\":\"PIM und DAM unter einem Dach\",\"item\":\"https:\\\/\\\/web.dynamictools.io\\\/en\",\"nextItem\":{\"@type\":\"ListItem\",\"@id\":\"https:\\\/\\\/web.dynamictools.io\\\/en\\\/impressum\\\/#listItem\",\"name\":\"Impressum\"}},{\"@type\":\"ListItem\",\"@id\":\"https:\\\/\\\/web.dynamictools.io\\\/en\\\/impressum\\\/#listItem\",\"position\":2,\"name\":\"Impressum\",\"previousItem\":{\"@type\":\"ListItem\",\"@id\":\"https:\\\/\\\/web.dynamictools.io\\\/en#listItem\",\"name\":\"PIM und DAM unter einem Dach\"}}]},{\"@type\":\"Organization\",\"@id\":\"https:\\\/\\\/web.dynamictools.io\\\/en\\\/#organization\",\"name\":\"dynamictools.io\",\"description\":\"dynamictools.io ist ein SaaS-Produkt der dietz.digital, einer erfahrenen Digitalagentur aus Wiesbaden mit Top-Kunden aus Beauty, FMCG und Retail.\",\"url\":\"https:\\\/\\\/web.dynamictools.io\\\/en\\\/\",\"email\":\"info@dynamictools.io\",\"telephone\":\"+491712656203\",\"foundingDate\":\"2014-03-03\",\"numberOfEmployees\":{\"@type\":\"QuantitativeValue\",\"minValue\":10,\"maxValue\":20},\"logo\":{\"@type\":\"ImageObject\",\"url\":\"https:\\\/\\\/web.dynamictools.io\\\/wp-content\\\/uploads\\\/2026\\\/02\\\/dynamic-tools-logo.svg\",\"@id\":\"https:\\\/\\\/web.dynamictools.io\\\/en\\\/impressum\\\/#organizationLogo\",\"width\":222,\"height\":30,\"caption\":\"dynamicTools | PIM- und DAM-System\"},\"image\":{\"@id\":\"https:\\\/\\\/web.dynamictools.io\\\/en\\\/impressum\\\/#organizationLogo\"},\"address\":{\"@id\":\"https:\\\/\\\/web.dynamictools.io\\\/en\\\/#postaladdress\",\"@type\":\"PostalAddress\",\"streetAddress\":\"dynamictools.io, Klingholzstra\\u00dfe 7\",\"postalCode\":\"65189\",\"addressLocality\":\"Wiesbaden\",\"addressRegion\":\"Hessen\",\"addressCountry\":\"DE\"},\"taxID\":\"46 312 00159\",\"vatID\":\"DE 273643822\",\"iso6523Code\":\"0060:341333009\",\"duns\":\"341333009\"},{\"@type\":\"WebPage\",\"@id\":\"https:\\\/\\\/web.dynamictools.io\\\/en\\\/impressum\\\/#webpage\",\"url\":\"https:\\\/\\\/web.dynamictools.io\\\/en\\\/impressum\\\/\",\"name\":\"Impressum \\u00bb dynamictools.io\",\"description\":\"Das Impressum enth\\u00e4lt die wesentlichen rechtlichen Angaben zum Unternehmen, das die dynamicTools entwickelt und vertreibt. Sprechen Sie uns gerne an.\",\"inLanguage\":\"en-US\",\"isPartOf\":{\"@id\":\"https:\\\/\\\/web.dynamictools.io\\\/en\\\/#website\"},\"breadcrumb\":{\"@id\":\"https:\\\/\\\/web.dynamictools.io\\\/en\\\/impressum\\\/#breadcrumblist\"},\"datePublished\":\"2026-03-09T14:11:55+01:00\",\"dateModified\":\"2026-04-03T18:48:35+02:00\"},{\"@type\":\"WebSite\",\"@id\":\"https:\\\/\\\/web.dynamictools.io\\\/en\\\/#website\",\"url\":\"https:\\\/\\\/web.dynamictools.io\\\/en\\\/\",\"name\":\"dynamictools.io\",\"alternateName\":\"Die L\\u00f6sung f\\u00fcr Ihr Produktdaten-Management\",\"description\":\"SaaS f\\u00fcr PIM und DAM\",\"inLanguage\":\"en-US\",\"publisher\":{\"@id\":\"https:\\\/\\\/web.dynamictools.io\\\/en\\\/#organization\"}}]}\n\t\t<\/script>\n\t\t<script type=\"text\/javascript\">\n\t\t\t(function(c,l,a,r,i,t,y){\n\t\t\tc[a]=c[a]||function(){(c[a].q=c[a].q||[]).push(arguments)};t=l.createElement(r);t.async=1;\n\t\t\tt.src=\"https:\/\/www.clarity.ms\/tag\/\"+i+\"?ref=aioseo\";y=l.getElementsByTagName(r)[0];y.parentNode.insertBefore(t,y);\n\t\t})(window, document, \"clarity\", \"script\", \"vxnryb3bea\");\n\t\t<\/script>\n\t\t<!-- All in One SEO Pro -->\r\n\t\t<title>Impressum \u00bb dynamictools.io<\/title>\n\n","aioseo_head_json":{"title":"Imprint \u00bb dynamictools.io","description":"The imprint contains the essential legal information about the company that develops and distributes dynamicTools. Please feel free to contact us.","canonical_url":"https:\/\/web.dynamictools.io\/en\/impressum\/","robots":"noindex, nofollow, max-image-preview:large","keywords":"","webmasterTools":{"miscellaneous":""},"schema":{"@context":"https:\/\/schema.org","@graph":[{"@type":"BreadcrumbList","@id":"https:\/\/web.dynamictools.io\/en\/impressum\/#breadcrumblist","itemListElement":[{"@type":"ListItem","@id":"https:\/\/web.dynamictools.io\/en#listItem","position":1,"name":"PIM und DAM unter einem Dach","item":"https:\/\/web.dynamictools.io\/en","nextItem":{"@type":"ListItem","@id":"https:\/\/web.dynamictools.io\/en\/impressum\/#listItem","name":"Impressum"}},{"@type":"ListItem","@id":"https:\/\/web.dynamictools.io\/en\/impressum\/#listItem","position":2,"name":"Impressum","previousItem":{"@type":"ListItem","@id":"https:\/\/web.dynamictools.io\/en#listItem","name":"PIM und DAM unter einem Dach"}}]},{"@type":"Organization","@id":"https:\/\/web.dynamictools.io\/en\/#organization","name":"dynamictools.io","description":"dynamictools.io ist ein SaaS-Produkt der dietz.digital, einer erfahrenen Digitalagentur aus Wiesbaden mit Top-Kunden aus Beauty, FMCG und Retail.","url":"https:\/\/web.dynamictools.io\/en\/","email":"info@dynamictools.io","telephone":"+491712656203","foundingDate":"2014-03-03","numberOfEmployees":{"@type":"QuantitativeValue","minValue":10,"maxValue":20},"logo":{"@type":"ImageObject","url":"https:\/\/web.dynamictools.io\/wp-content\/uploads\/2026\/02\/dynamic-tools-logo.svg","@id":"https:\/\/web.dynamictools.io\/en\/impressum\/#organizationLogo","width":222,"height":30,"caption":"dynamicTools | PIM- und DAM-System"},"image":{"@id":"https:\/\/web.dynamictools.io\/en\/impressum\/#organizationLogo"},"address":{"@id":"https:\/\/web.dynamictools.io\/en\/#postaladdress","@type":"PostalAddress","streetAddress":"dynamictools.io, Klingholzstra\u00dfe 7","postalCode":"65189","addressLocality":"Wiesbaden","addressRegion":"Hessen","addressCountry":"DE"},"taxID":"46 312 00159","vatID":"DE 273643822","iso6523Code":"0060:341333009","duns":"341333009"},{"@type":"WebPage","@id":"https:\/\/web.dynamictools.io\/en\/impressum\/#webpage","url":"https:\/\/web.dynamictools.io\/en\/impressum\/","name":"Impressum \u00bb dynamictools.io","description":"Das Impressum enth\u00e4lt die wesentlichen rechtlichen Angaben zum Unternehmen, das die dynamicTools entwickelt und vertreibt. Sprechen Sie uns gerne an.","inLanguage":"en-US","isPartOf":{"@id":"https:\/\/web.dynamictools.io\/en\/#website"},"breadcrumb":{"@id":"https:\/\/web.dynamictools.io\/en\/impressum\/#breadcrumblist"},"datePublished":"2026-03-09T14:11:55+01:00","dateModified":"2026-04-03T18:48:35+02:00"},{"@type":"WebSite","@id":"https:\/\/web.dynamictools.io\/en\/#website","url":"https:\/\/web.dynamictools.io\/en\/","name":"dynamictools.io","alternateName":"Die L\u00f6sung f\u00fcr Ihr Produktdaten-Management","description":"SaaS f\u00fcr PIM und DAM","inLanguage":"en-US","publisher":{"@id":"https:\/\/web.dynamictools.io\/en\/#organization"}}]},"og:locale":"en_US","og:site_name":"dynamictools.io \u00bb SaaS f\u00fcr PIM und DAM","og:type":"article","og:title":"Impressum \u00bb dynamictools.io","og:description":"Das Impressum enth\u00e4lt die wesentlichen rechtlichen Angaben zum Unternehmen, das die dynamicTools entwickelt und vertreibt. Sprechen Sie uns gerne an.","og:url":"https:\/\/web.dynamictools.io\/en\/impressum\/","og:image":"https:\/\/web.dynamictools.io\/wp-content\/uploads\/2026\/02\/dynamic-tools-logo.svg","og:image:secure_url":"https:\/\/web.dynamictools.io\/wp-content\/uploads\/2026\/02\/dynamic-tools-logo.svg","og:image:width":222,"og:image:height":30,"article:published_time":"2026-03-09T13:11:55+00:00","article:modified_time":"2026-04-03T16:48:35+00:00","twitter:card":"summary_large_image","twitter:title":"Impressum \u00bb dynamictools.io","twitter:description":"Das Impressum enth\u00e4lt die wesentlichen rechtlichen Angaben zum Unternehmen, das die dynamicTools entwickelt und vertreibt. Sprechen Sie uns gerne an.","twitter:image":"https:\/\/web.dynamictools.io\/wp-content\/uploads\/2026\/02\/dynamic-tools-logo.svg"},"aioseo_meta_data":{"post_id":"756","title":null,"description":"The imprint contains the essential legal information about the company that develops and distributes dynamicTools. Please feel free to contact us.","keywords":null,"keyphrases":{"focus":{"keyphrase":"","score":0,"analysis":{"keyphraseInTitle":{"score":0,"maxScore":9,"error":1}}},"additional":[]},"primary_term":null,"canonical_url":null,"og_title":null,"og_description":null,"og_object_type":"default","og_image_type":"default","og_image_url":null,"og_image_width":null,"og_image_height":null,"og_image_custom_url":null,"og_image_custom_fields":null,"og_video":"","og_custom_url":null,"og_article_section":null,"og_article_tags":null,"twitter_use_og":false,"twitter_card":"default","twitter_image_type":"default","twitter_image_url":null,"twitter_image_custom_url":null,"twitter_image_custom_fields":null,"twitter_title":null,"twitter_description":null,"schema":{"blockGraphs":[],"customGraphs":[],"default":{"data":{"Article":[],"Course":[],"Dataset":[],"FAQPage":[],"Movie":[],"Person":[],"Product":[],"ProductReview":[],"Car":[],"Recipe":[],"Service":[],"SoftwareApplication":[],"WebPage":[]},"graphName":"WebPage","isEnabled":true},"graphs":[]},"schema_type":"default","schema_type_options":null,"pillar_content":false,"robots_default":true,"robots_noindex":false,"robots_noarchive":false,"robots_nosnippet":false,"robots_nofollow":false,"robots_noimageindex":false,"robots_noodp":false,"robots_notranslate":false,"robots_max_snippet":"-1","robots_max_videopreview":"-1","robots_max_imagepreview":"large","priority":null,"frequency":"default","local_seo":null,"seo_analyzer_scan_date":null,"breadcrumb_settings":null,"limit_modified_date":false,"reviewed_by":"0","open_ai":null,"ai":{"faqs":[],"keyPoints":[],"titles":[],"descriptions":[],"socialPosts":{"email":[],"linkedin":[],"twitter":[],"facebook":[],"instagram":[]}},"created":"2026-03-09 13:11:34","updated":"2026-04-03 16:53:43"},"aioseo_breadcrumb":"<div class=\"aioseo-breadcrumbs\"><span class=\"aioseo-breadcrumb\">\n\t<a href=\"https:\/\/web.dynamictools.io\/en\" title=\"PIM und DAM unter einem Dach\">PIM und DAM unter einem Dach<\/a>\n<\/span><span class=\"aioseo-breadcrumb-separator\">|<\/span><span class=\"aioseo-breadcrumb\">\n\tImpressum\n<\/span><\/div>","aioseo_breadcrumb_json":[{"label":"PIM und DAM unter einem Dach","link":"https:\/\/web.dynamictools.io\/en"},{"label":"Impressum","link":"https:\/\/web.dynamictools.io\/en\/impressum\/"}],"_links":{"self":[{"href":"https:\/\/web.dynamictools.io\/en\/wp-json\/wp\/v2\/pages\/756","targetHints":{"allow":["GET"]}}],"collection":[{"href":"https:\/\/web.dynamictools.io\/en\/wp-json\/wp\/v2\/pages"}],"about":[{"href":"https:\/\/web.dynamictools.io\/en\/wp-json\/wp\/v2\/types\/page"}],"author":[{"embeddable":true,"href":"https:\/\/web.dynamictools.io\/en\/wp-json\/wp\/v2\/users\/3"}],"replies":[{"embeddable":true,"href":"https:\/\/web.dynamictools.io\/en\/wp-json\/wp\/v2\/comments?post=756"}],"version-history":[{"count":25,"href":"https:\/\/web.dynamictools.io\/en\/wp-json\/wp\/v2\/pages\/756\/revisions"}],"predecessor-version":[{"id":2080,"href":"https:\/\/web.dynamictools.io\/en\/wp-json\/wp\/v2\/pages\/756\/revisions\/2080"}],"wp:attachment":[{"href":"https:\/\/web.dynamictools.io\/en\/wp-json\/wp\/v2\/media?parent=756"}],"curies":[{"name":"wp","href":"https:\/\/api.w.org\/{rel}","templated":true}]}}